{"id":2675,"date":"2021-01-21T21:23:00","date_gmt":"2021-01-21T20:23:00","guid":{"rendered":"http:\/\/gestiona.goodgranel.com\/?post_type=product&#038;p=2675"},"modified":"2025-10-31T11:36:12","modified_gmt":"2025-10-31T10:36:12","slug":"gel-champu-te-verde","status":"publish","type":"product","link":"https:\/\/www.goodgranel.com\/cat\/productos\/higiene-personal\/gel-champu-te-verde\/","title":{"rendered":"GEL-XAMP\u00da TE VERD"},"content":{"rendered":"<div class=\"wpb-content-wrapper\"><div id=\"agni-row-23326\" class=\"section-row\" ><div class=\"section-row-bg-container section-row-bg-container-agni-row-23326\"><div class=\"section-row-bg section-row-bg-color\"  ><\/div><\/div><div class=\"container\"><div class=\"vc_row vc_row_fluid\"><div id=\"agni-column-59508\" class=\"wpb_column agni_column_container agni_column vc_column_container vc_col-sm-12\"><div class=\"agni_column-inner vc_column-inner text-left\"  ><div class=\"section-column-bg-container section-column-bg-container-agni-column-59508\" ><div class=\"section-column-bg section-column-bg-color\"  ><\/div><\/div><div class=\"wpb_wrapper\">\n\t<div id=\"\" class=\"agni_text_column agni-text-block\"  >\n\t\t<p style=\"text-align: left;\">Gel de bany i xamp\u00fa per a un tractament corporal complet. Gr\u00e0cies al seu pH neutre i la seva formulaci\u00f3 suau lliure de t\u00f2xics, cuida la pell i nodreix el cabell proporcionant un bany hidratant i reparador. Indicat per a cabells normals amb tend\u00e8ncia a greixar-se.<\/p>\n\n\t<\/div>\n<\/div><\/div><\/div><\/div><\/div><\/div>\n<\/div>","protected":false},"excerpt":{"rendered":"Gel de bany i xamp\u00fa per a un tractament corporal complet. Gr\u00e0cies al seu pH neutre i la seva formulaci\u00f3 suau lliure de t\u00f2xics, cuida la pell i nodreix el cabell proporcionant un bany hidratant i reparador. Indicat per a cabells normals amb tend\u00e8ncia a greixar-se.","protected":false},"featured_media":6411,"template":"","meta":{"_acf_changed":false},"product_brand":[],"product_cat":[59],"product_tag":[463,464,84],"class_list":{"0":"post-2675","1":"product","2":"type-product","3":"status-publish","4":"has-post-thumbnail","6":"product_cat-higiene-personal","7":"product_tag-champu-liquido","8":"product_tag-gel-de-ducha","9":"product_tag-higiene-personal","11":"first","12":"instock","13":"shipping-taxable","14":"product-type-simple"},"acf":[],"yoast_head":"<!-- This site is optimized with the Yoast SEO plugin v27.5 - https:\/\/yoast.com\/product\/yoast-seo-wordpress\/ -->\n<title>GEL-CHAMP\u00da T\u00c9 VERDE &#8211; GOODGRANEL<\/title>\n<meta name=\"description\" content=\"Gel de ba\u00f1o y champ\u00fa a granel con extractos de T\u00e9 Verde y Romero, para un tratamiento corporal completo. Biodegradable, sin t\u00f3xicos y vegano.\" \/>\n<meta name=\"robots\" content=\"index, follow, max-snippet:-1, max-image-preview:large, max-video-preview:-1\" \/>\n<link rel=\"canonical\" href=\"https:\/\/www.goodgranel.com\/cat\/productos\/higiene-personal\/gel-champu-te-verde\/\" \/>\n<meta property=\"og:locale\" content=\"ca_ES\" \/>\n<meta property=\"og:type\" content=\"article\" \/>\n<meta property=\"og:title\" content=\"GEL-CHAMP\u00da T\u00c9 VERDE &#8211; GOODGRANEL\" \/>\n<meta property=\"og:description\" content=\"Gel de ba\u00f1o y champ\u00fa a granel con extractos de T\u00e9 Verde y Romero, para un tratamiento corporal completo. Biodegradable, sin t\u00f3xicos y vegano.\" \/>\n<meta property=\"og:url\" content=\"https:\/\/www.goodgranel.com\/cat\/productos\/higiene-personal\/gel-champu-te-verde\/\" \/>\n<meta property=\"og:site_name\" content=\"GOODGRANEL\" \/>\n<meta property=\"article:publisher\" content=\"https:\/\/www.facebook.com\/goodgranel\/\" \/>\n<meta property=\"article:modified_time\" content=\"2025-10-31T10:36:12+00:00\" \/>\n<meta property=\"og:image\" content=\"https:\/\/www.goodgranel.com\/wp-content\/uploads\/2022\/01\/HIGIENE-gel-champu-te-verde.jpg\" \/>\n\t<meta property=\"og:image:width\" content=\"950\" \/>\n\t<meta property=\"og:image:height\" content=\"760\" \/>\n\t<meta property=\"og:image:type\" content=\"image\/jpeg\" \/>\n<meta name=\"twitter:card\" content=\"summary_large_image\" \/>\n<meta name=\"twitter:site\" content=\"@goodgranel\" \/>\n<script type=\"application\/ld+json\" class=\"yoast-schema-graph\">{\"@context\":\"https:\\\/\\\/schema.org\",\"@graph\":[{\"@type\":\"WebPage\",\"@id\":\"https:\\\/\\\/www.goodgranel.com\\\/productos\\\/higiene-personal\\\/gel-champu-te-verde\\\/\",\"url\":\"https:\\\/\\\/www.goodgranel.com\\\/productos\\\/higiene-personal\\\/gel-champu-te-verde\\\/\",\"name\":\"GEL-CHAMP\u00da T\u00c9 VERDE &#8211; GOODGRANEL\",\"isPartOf\":{\"@id\":\"https:\\\/\\\/www.goodgranel.com\\\/eng\\\/#website\"},\"primaryImageOfPage\":{\"@id\":\"https:\\\/\\\/www.goodgranel.com\\\/productos\\\/higiene-personal\\\/gel-champu-te-verde\\\/#primaryimage\"},\"image\":{\"@id\":\"https:\\\/\\\/www.goodgranel.com\\\/productos\\\/higiene-personal\\\/gel-champu-te-verde\\\/#primaryimage\"},\"thumbnailUrl\":\"https:\\\/\\\/www.goodgranel.com\\\/wp-content\\\/uploads\\\/2022\\\/01\\\/HIGIENE-gel-champu-te-verde.jpg\",\"datePublished\":\"2021-01-21T20:23:00+00:00\",\"dateModified\":\"2025-10-31T10:36:12+00:00\",\"description\":\"Gel de ba\u00f1o y champ\u00fa a granel con extractos de T\u00e9 Verde y Romero, para un tratamiento corporal completo. Biodegradable, sin t\u00f3xicos y vegano.\",\"breadcrumb\":{\"@id\":\"https:\\\/\\\/www.goodgranel.com\\\/productos\\\/higiene-personal\\\/gel-champu-te-verde\\\/#breadcrumb\"},\"inLanguage\":\"ca\",\"potentialAction\":[{\"@type\":\"ReadAction\",\"target\":[\"https:\\\/\\\/www.goodgranel.com\\\/productos\\\/higiene-personal\\\/gel-champu-te-verde\\\/\"]}]},{\"@type\":\"ImageObject\",\"inLanguage\":\"ca\",\"@id\":\"https:\\\/\\\/www.goodgranel.com\\\/productos\\\/higiene-personal\\\/gel-champu-te-verde\\\/#primaryimage\",\"url\":\"https:\\\/\\\/www.goodgranel.com\\\/wp-content\\\/uploads\\\/2022\\\/01\\\/HIGIENE-gel-champu-te-verde.jpg\",\"contentUrl\":\"https:\\\/\\\/www.goodgranel.com\\\/wp-content\\\/uploads\\\/2022\\\/01\\\/HIGIENE-gel-champu-te-verde.jpg\",\"width\":950,\"height\":760,\"caption\":\"Gel-Champ\u00fa a granel Te Verde GOODGRANEL\"},{\"@type\":\"BreadcrumbList\",\"@id\":\"https:\\\/\\\/www.goodgranel.com\\\/productos\\\/higiene-personal\\\/gel-champu-te-verde\\\/#breadcrumb\",\"itemListElement\":[{\"@type\":\"ListItem\",\"position\":1,\"name\":\"Portada\",\"item\":\"https:\\\/\\\/www.goodgranel.com\\\/\"},{\"@type\":\"ListItem\",\"position\":2,\"name\":\"Privado: Tienda\",\"item\":\"https:\\\/\\\/www.goodgranel.com\\\/?page_id=3647\"},{\"@type\":\"ListItem\",\"position\":3,\"name\":\"GEL-CHAMP\u00da T\u00c9 VERDE\"}]},{\"@type\":\"WebSite\",\"@id\":\"https:\\\/\\\/www.goodgranel.com\\\/eng\\\/#website\",\"url\":\"https:\\\/\\\/www.goodgranel.com\\\/eng\\\/\",\"name\":\"GOODGRANEL\",\"description\":\"Limpieza e higiene a granel para tiendas zero waste\",\"publisher\":{\"@id\":\"https:\\\/\\\/www.goodgranel.com\\\/eng\\\/#organization\"},\"potentialAction\":[{\"@type\":\"SearchAction\",\"target\":{\"@type\":\"EntryPoint\",\"urlTemplate\":\"https:\\\/\\\/www.goodgranel.com\\\/eng\\\/?s={search_term_string}\"},\"query-input\":{\"@type\":\"PropertyValueSpecification\",\"valueRequired\":true,\"valueName\":\"search_term_string\"}}],\"inLanguage\":\"ca\"},{\"@type\":\"Organization\",\"@id\":\"https:\\\/\\\/www.goodgranel.com\\\/eng\\\/#organization\",\"name\":\"GOODGRANEL\",\"url\":\"https:\\\/\\\/www.goodgranel.com\\\/eng\\\/\",\"logo\":{\"@type\":\"ImageObject\",\"inLanguage\":\"ca\",\"@id\":\"https:\\\/\\\/www.goodgranel.com\\\/eng\\\/#\\\/schema\\\/logo\\\/image\\\/\",\"url\":\"https:\\\/\\\/www.goodgranel.com\\\/wp-content\\\/uploads\\\/2021\\\/04\\\/goodgranel-logo-mixte-mail.png\",\"contentUrl\":\"https:\\\/\\\/www.goodgranel.com\\\/wp-content\\\/uploads\\\/2021\\\/04\\\/goodgranel-logo-mixte-mail.png\",\"width\":103,\"height\":120,\"caption\":\"GOODGRANEL\"},\"image\":{\"@id\":\"https:\\\/\\\/www.goodgranel.com\\\/eng\\\/#\\\/schema\\\/logo\\\/image\\\/\"},\"sameAs\":[\"https:\\\/\\\/www.facebook.com\\\/goodgranel\\\/\",\"https:\\\/\\\/x.com\\\/goodgranel\",\"https:\\\/\\\/www.instagram.com\\\/goodgranel\\\/\"]}]}<\/script>\n<!-- \/ Yoast SEO plugin. -->","yoast_head_json":{"title":"GEL-CHAMP\u00da T\u00c9 VERDE &#8211; GOODGRANEL","description":"Gel de ba\u00f1o y champ\u00fa a granel con extractos de T\u00e9 Verde y Romero, para un tratamiento corporal completo. Biodegradable, sin t\u00f3xicos y vegano.","robots":{"index":"index","follow":"follow","max-snippet":"max-snippet:-1","max-image-preview":"max-image-preview:large","max-video-preview":"max-video-preview:-1"},"canonical":"https:\/\/www.goodgranel.com\/cat\/productos\/higiene-personal\/gel-champu-te-verde\/","og_locale":"ca_ES","og_type":"article","og_title":"GEL-CHAMP\u00da T\u00c9 VERDE &#8211; GOODGRANEL","og_description":"Gel de ba\u00f1o y champ\u00fa a granel con extractos de T\u00e9 Verde y Romero, para un tratamiento corporal completo. Biodegradable, sin t\u00f3xicos y vegano.","og_url":"https:\/\/www.goodgranel.com\/cat\/productos\/higiene-personal\/gel-champu-te-verde\/","og_site_name":"GOODGRANEL","article_publisher":"https:\/\/www.facebook.com\/goodgranel\/","article_modified_time":"2025-10-31T10:36:12+00:00","og_image":[{"width":950,"height":760,"url":"https:\/\/www.goodgranel.com\/wp-content\/uploads\/2022\/01\/HIGIENE-gel-champu-te-verde.jpg","type":"image\/jpeg"}],"twitter_card":"summary_large_image","twitter_site":"@goodgranel","schema":{"@context":"https:\/\/schema.org","@graph":[{"@type":"WebPage","@id":"https:\/\/www.goodgranel.com\/productos\/higiene-personal\/gel-champu-te-verde\/","url":"https:\/\/www.goodgranel.com\/productos\/higiene-personal\/gel-champu-te-verde\/","name":"GEL-CHAMP\u00da T\u00c9 VERDE &#8211; GOODGRANEL","isPartOf":{"@id":"https:\/\/www.goodgranel.com\/eng\/#website"},"primaryImageOfPage":{"@id":"https:\/\/www.goodgranel.com\/productos\/higiene-personal\/gel-champu-te-verde\/#primaryimage"},"image":{"@id":"https:\/\/www.goodgranel.com\/productos\/higiene-personal\/gel-champu-te-verde\/#primaryimage"},"thumbnailUrl":"https:\/\/www.goodgranel.com\/wp-content\/uploads\/2022\/01\/HIGIENE-gel-champu-te-verde.jpg","datePublished":"2021-01-21T20:23:00+00:00","dateModified":"2025-10-31T10:36:12+00:00","description":"Gel de ba\u00f1o y champ\u00fa a granel con extractos de T\u00e9 Verde y Romero, para un tratamiento corporal completo. Biodegradable, sin t\u00f3xicos y vegano.","breadcrumb":{"@id":"https:\/\/www.goodgranel.com\/productos\/higiene-personal\/gel-champu-te-verde\/#breadcrumb"},"inLanguage":"ca","potentialAction":[{"@type":"ReadAction","target":["https:\/\/www.goodgranel.com\/productos\/higiene-personal\/gel-champu-te-verde\/"]}]},{"@type":"ImageObject","inLanguage":"ca","@id":"https:\/\/www.goodgranel.com\/productos\/higiene-personal\/gel-champu-te-verde\/#primaryimage","url":"https:\/\/www.goodgranel.com\/wp-content\/uploads\/2022\/01\/HIGIENE-gel-champu-te-verde.jpg","contentUrl":"https:\/\/www.goodgranel.com\/wp-content\/uploads\/2022\/01\/HIGIENE-gel-champu-te-verde.jpg","width":950,"height":760,"caption":"Gel-Champ\u00fa a granel Te Verde GOODGRANEL"},{"@type":"BreadcrumbList","@id":"https:\/\/www.goodgranel.com\/productos\/higiene-personal\/gel-champu-te-verde\/#breadcrumb","itemListElement":[{"@type":"ListItem","position":1,"name":"Portada","item":"https:\/\/www.goodgranel.com\/"},{"@type":"ListItem","position":2,"name":"Privado: Tienda","item":"https:\/\/www.goodgranel.com\/?page_id=3647"},{"@type":"ListItem","position":3,"name":"GEL-CHAMP\u00da T\u00c9 VERDE"}]},{"@type":"WebSite","@id":"https:\/\/www.goodgranel.com\/eng\/#website","url":"https:\/\/www.goodgranel.com\/eng\/","name":"GOODGRANEL","description":"Limpieza e higiene a granel para tiendas zero waste","publisher":{"@id":"https:\/\/www.goodgranel.com\/eng\/#organization"},"potentialAction":[{"@type":"SearchAction","target":{"@type":"EntryPoint","urlTemplate":"https:\/\/www.goodgranel.com\/eng\/?s={search_term_string}"},"query-input":{"@type":"PropertyValueSpecification","valueRequired":true,"valueName":"search_term_string"}}],"inLanguage":"ca"},{"@type":"Organization","@id":"https:\/\/www.goodgranel.com\/eng\/#organization","name":"GOODGRANEL","url":"https:\/\/www.goodgranel.com\/eng\/","logo":{"@type":"ImageObject","inLanguage":"ca","@id":"https:\/\/www.goodgranel.com\/eng\/#\/schema\/logo\/image\/","url":"https:\/\/www.goodgranel.com\/wp-content\/uploads\/2021\/04\/goodgranel-logo-mixte-mail.png","contentUrl":"https:\/\/www.goodgranel.com\/wp-content\/uploads\/2021\/04\/goodgranel-logo-mixte-mail.png","width":103,"height":120,"caption":"GOODGRANEL"},"image":{"@id":"https:\/\/www.goodgranel.com\/eng\/#\/schema\/logo\/image\/"},"sameAs":["https:\/\/www.facebook.com\/goodgranel\/","https:\/\/x.com\/goodgranel","https:\/\/www.instagram.com\/goodgranel\/"]}]}},"_links":{"self":[{"href":"https:\/\/www.goodgranel.com\/cat\/wp-json\/wp\/v2\/product\/2675","targetHints":{"allow":["GET"]}}],"collection":[{"href":"https:\/\/www.goodgranel.com\/cat\/wp-json\/wp\/v2\/product"}],"about":[{"href":"https:\/\/www.goodgranel.com\/cat\/wp-json\/wp\/v2\/types\/product"}],"wp:featuredmedia":[{"embeddable":true,"href":"https:\/\/www.goodgranel.com\/cat\/wp-json\/wp\/v2\/media\/6411"}],"wp:attachment":[{"href":"https:\/\/www.goodgranel.com\/cat\/wp-json\/wp\/v2\/media?parent=2675"}],"wp:term":[{"taxonomy":"product_brand","embeddable":true,"href":"https:\/\/www.goodgranel.com\/cat\/wp-json\/wp\/v2\/product_brand?post=2675"},{"taxonomy":"product_cat","embeddable":true,"href":"https:\/\/www.goodgranel.com\/cat\/wp-json\/wp\/v2\/product_cat?post=2675"},{"taxonomy":"product_tag","embeddable":true,"href":"https:\/\/www.goodgranel.com\/cat\/wp-json\/wp\/v2\/product_tag?post=2675"}],"curies":[{"name":"wp","href":"https:\/\/api.w.org\/{rel}","templated":true}]}}