{"id":2671,"date":"2021-01-21T12:37:28","date_gmt":"2021-01-21T11:37:28","guid":{"rendered":"http:\/\/gestiona.goodgranel.com\/?post_type=product&#038;p=2671"},"modified":"2025-10-31T11:59:32","modified_gmt":"2025-10-31T10:59:32","slug":"acondicionador-argan-sin-sulfatos","status":"publish","type":"product","link":"https:\/\/www.goodgranel.com\/cat\/productos\/higiene-personal\/acondicionador-argan-sin-sulfatos\/","title":{"rendered":"CONDICIONADOR ARGAN SENSE SULFATS"},"content":{"rendered":"","protected":false},"excerpt":{"rendered":"","protected":false},"featured_media":6405,"template":"","meta":{"_acf_changed":false},"product_brand":[],"product_cat":[59],"product_tag":[274,84],"class_list":{"0":"post-2671","1":"product","2":"type-product","3":"status-publish","4":"has-post-thumbnail","6":"product_cat-higiene-personal","7":"product_tag-acondicionador","8":"product_tag-higiene-personal","10":"first","11":"instock","12":"shipping-taxable","13":"product-type-simple"},"acf":[],"yoast_head":"<!-- This site is optimized with the Yoast SEO plugin v27.5 - https:\/\/yoast.com\/product\/yoast-seo-wordpress\/ -->\n<title>ACONDICIONADOR ARG\u00c1N SIN SULFATOS &#8211; GOODGRANEL<\/title>\n<meta name=\"description\" content=\"Acondicionador Arg\u00e1na granel con efecto mascarilla sin sulfatos y sin siliconas. Nutre y suaviza desde la ra\u00edz, dando brillo y salud al cabello.\" \/>\n<meta name=\"robots\" content=\"index, follow, max-snippet:-1, max-image-preview:large, max-video-preview:-1\" \/>\n<link rel=\"canonical\" href=\"https:\/\/www.goodgranel.com\/cat\/productos\/higiene-personal\/acondicionador-argan-sin-sulfatos\/\" \/>\n<meta property=\"og:locale\" content=\"ca_ES\" \/>\n<meta property=\"og:type\" content=\"article\" \/>\n<meta property=\"og:title\" content=\"ACONDICIONADOR ARG\u00c1N SIN SULFATOS &#8211; GOODGRANEL\" \/>\n<meta property=\"og:description\" content=\"Acondicionador Arg\u00e1na granel con efecto mascarilla sin sulfatos y sin siliconas. Nutre y suaviza desde la ra\u00edz, dando brillo y salud al cabello.\" \/>\n<meta property=\"og:url\" content=\"https:\/\/www.goodgranel.com\/cat\/productos\/higiene-personal\/acondicionador-argan-sin-sulfatos\/\" \/>\n<meta property=\"og:site_name\" content=\"GOODGRANEL\" \/>\n<meta property=\"article:publisher\" content=\"https:\/\/www.facebook.com\/goodgranel\/\" \/>\n<meta property=\"article:modified_time\" content=\"2025-10-31T10:59:32+00:00\" \/>\n<meta property=\"og:image\" content=\"https:\/\/www.goodgranel.com\/wp-content\/uploads\/2022\/01\/HIGIENE-acondionador-argan-sin-sulfatos.jpg\" \/>\n\t<meta property=\"og:image:width\" content=\"950\" \/>\n\t<meta property=\"og:image:height\" content=\"760\" \/>\n\t<meta property=\"og:image:type\" content=\"image\/jpeg\" \/>\n<meta name=\"twitter:card\" content=\"summary_large_image\" \/>\n<meta name=\"twitter:site\" content=\"@goodgranel\" \/>\n<script type=\"application\/ld+json\" class=\"yoast-schema-graph\">{\"@context\":\"https:\\\/\\\/schema.org\",\"@graph\":[{\"@type\":\"WebPage\",\"@id\":\"https:\\\/\\\/www.goodgranel.com\\\/productos\\\/higiene-personal\\\/acondicionador-argan-sin-sulfatos\\\/\",\"url\":\"https:\\\/\\\/www.goodgranel.com\\\/productos\\\/higiene-personal\\\/acondicionador-argan-sin-sulfatos\\\/\",\"name\":\"ACONDICIONADOR ARG\u00c1N SIN SULFATOS &#8211; GOODGRANEL\",\"isPartOf\":{\"@id\":\"https:\\\/\\\/www.goodgranel.com\\\/eng\\\/#website\"},\"primaryImageOfPage\":{\"@id\":\"https:\\\/\\\/www.goodgranel.com\\\/productos\\\/higiene-personal\\\/acondicionador-argan-sin-sulfatos\\\/#primaryimage\"},\"image\":{\"@id\":\"https:\\\/\\\/www.goodgranel.com\\\/productos\\\/higiene-personal\\\/acondicionador-argan-sin-sulfatos\\\/#primaryimage\"},\"thumbnailUrl\":\"https:\\\/\\\/www.goodgranel.com\\\/wp-content\\\/uploads\\\/2022\\\/01\\\/HIGIENE-acondionador-argan-sin-sulfatos.jpg\",\"datePublished\":\"2021-01-21T11:37:28+00:00\",\"dateModified\":\"2025-10-31T10:59:32+00:00\",\"description\":\"Acondicionador Arg\u00e1na granel con efecto mascarilla sin sulfatos y sin siliconas. Nutre y suaviza desde la ra\u00edz, dando brillo y salud al cabello.\",\"breadcrumb\":{\"@id\":\"https:\\\/\\\/www.goodgranel.com\\\/productos\\\/higiene-personal\\\/acondicionador-argan-sin-sulfatos\\\/#breadcrumb\"},\"inLanguage\":\"ca\",\"potentialAction\":[{\"@type\":\"ReadAction\",\"target\":[\"https:\\\/\\\/www.goodgranel.com\\\/productos\\\/higiene-personal\\\/acondicionador-argan-sin-sulfatos\\\/\"]}]},{\"@type\":\"ImageObject\",\"inLanguage\":\"ca\",\"@id\":\"https:\\\/\\\/www.goodgranel.com\\\/productos\\\/higiene-personal\\\/acondicionador-argan-sin-sulfatos\\\/#primaryimage\",\"url\":\"https:\\\/\\\/www.goodgranel.com\\\/wp-content\\\/uploads\\\/2022\\\/01\\\/HIGIENE-acondionador-argan-sin-sulfatos.jpg\",\"contentUrl\":\"https:\\\/\\\/www.goodgranel.com\\\/wp-content\\\/uploads\\\/2022\\\/01\\\/HIGIENE-acondionador-argan-sin-sulfatos.jpg\",\"width\":950,\"height\":760,\"caption\":\"Acondicionador Arg\u00e1n Sin Sulfatos GOODGRANEL\"},{\"@type\":\"BreadcrumbList\",\"@id\":\"https:\\\/\\\/www.goodgranel.com\\\/productos\\\/higiene-personal\\\/acondicionador-argan-sin-sulfatos\\\/#breadcrumb\",\"itemListElement\":[{\"@type\":\"ListItem\",\"position\":1,\"name\":\"Portada\",\"item\":\"https:\\\/\\\/www.goodgranel.com\\\/\"},{\"@type\":\"ListItem\",\"position\":2,\"name\":\"Privado: Tienda\",\"item\":\"https:\\\/\\\/www.goodgranel.com\\\/?page_id=3647\"},{\"@type\":\"ListItem\",\"position\":3,\"name\":\"ACONDICIONADOR ARG\u00c1N SIN SULFATOS\"}]},{\"@type\":\"WebSite\",\"@id\":\"https:\\\/\\\/www.goodgranel.com\\\/eng\\\/#website\",\"url\":\"https:\\\/\\\/www.goodgranel.com\\\/eng\\\/\",\"name\":\"GOODGRANEL\",\"description\":\"Limpieza e higiene a granel para tiendas zero waste\",\"publisher\":{\"@id\":\"https:\\\/\\\/www.goodgranel.com\\\/eng\\\/#organization\"},\"potentialAction\":[{\"@type\":\"SearchAction\",\"target\":{\"@type\":\"EntryPoint\",\"urlTemplate\":\"https:\\\/\\\/www.goodgranel.com\\\/eng\\\/?s={search_term_string}\"},\"query-input\":{\"@type\":\"PropertyValueSpecification\",\"valueRequired\":true,\"valueName\":\"search_term_string\"}}],\"inLanguage\":\"ca\"},{\"@type\":\"Organization\",\"@id\":\"https:\\\/\\\/www.goodgranel.com\\\/eng\\\/#organization\",\"name\":\"GOODGRANEL\",\"url\":\"https:\\\/\\\/www.goodgranel.com\\\/eng\\\/\",\"logo\":{\"@type\":\"ImageObject\",\"inLanguage\":\"ca\",\"@id\":\"https:\\\/\\\/www.goodgranel.com\\\/eng\\\/#\\\/schema\\\/logo\\\/image\\\/\",\"url\":\"https:\\\/\\\/www.goodgranel.com\\\/wp-content\\\/uploads\\\/2021\\\/04\\\/goodgranel-logo-mixte-mail.png\",\"contentUrl\":\"https:\\\/\\\/www.goodgranel.com\\\/wp-content\\\/uploads\\\/2021\\\/04\\\/goodgranel-logo-mixte-mail.png\",\"width\":103,\"height\":120,\"caption\":\"GOODGRANEL\"},\"image\":{\"@id\":\"https:\\\/\\\/www.goodgranel.com\\\/eng\\\/#\\\/schema\\\/logo\\\/image\\\/\"},\"sameAs\":[\"https:\\\/\\\/www.facebook.com\\\/goodgranel\\\/\",\"https:\\\/\\\/x.com\\\/goodgranel\",\"https:\\\/\\\/www.instagram.com\\\/goodgranel\\\/\"]}]}<\/script>\n<!-- \/ Yoast SEO plugin. -->","yoast_head_json":{"title":"ACONDICIONADOR ARG\u00c1N SIN SULFATOS &#8211; GOODGRANEL","description":"Acondicionador Arg\u00e1na granel con efecto mascarilla sin sulfatos y sin siliconas. Nutre y suaviza desde la ra\u00edz, dando brillo y salud al cabello.","robots":{"index":"index","follow":"follow","max-snippet":"max-snippet:-1","max-image-preview":"max-image-preview:large","max-video-preview":"max-video-preview:-1"},"canonical":"https:\/\/www.goodgranel.com\/cat\/productos\/higiene-personal\/acondicionador-argan-sin-sulfatos\/","og_locale":"ca_ES","og_type":"article","og_title":"ACONDICIONADOR ARG\u00c1N SIN SULFATOS &#8211; GOODGRANEL","og_description":"Acondicionador Arg\u00e1na granel con efecto mascarilla sin sulfatos y sin siliconas. Nutre y suaviza desde la ra\u00edz, dando brillo y salud al cabello.","og_url":"https:\/\/www.goodgranel.com\/cat\/productos\/higiene-personal\/acondicionador-argan-sin-sulfatos\/","og_site_name":"GOODGRANEL","article_publisher":"https:\/\/www.facebook.com\/goodgranel\/","article_modified_time":"2025-10-31T10:59:32+00:00","og_image":[{"width":950,"height":760,"url":"https:\/\/www.goodgranel.com\/wp-content\/uploads\/2022\/01\/HIGIENE-acondionador-argan-sin-sulfatos.jpg","type":"image\/jpeg"}],"twitter_card":"summary_large_image","twitter_site":"@goodgranel","schema":{"@context":"https:\/\/schema.org","@graph":[{"@type":"WebPage","@id":"https:\/\/www.goodgranel.com\/productos\/higiene-personal\/acondicionador-argan-sin-sulfatos\/","url":"https:\/\/www.goodgranel.com\/productos\/higiene-personal\/acondicionador-argan-sin-sulfatos\/","name":"ACONDICIONADOR ARG\u00c1N SIN SULFATOS &#8211; GOODGRANEL","isPartOf":{"@id":"https:\/\/www.goodgranel.com\/eng\/#website"},"primaryImageOfPage":{"@id":"https:\/\/www.goodgranel.com\/productos\/higiene-personal\/acondicionador-argan-sin-sulfatos\/#primaryimage"},"image":{"@id":"https:\/\/www.goodgranel.com\/productos\/higiene-personal\/acondicionador-argan-sin-sulfatos\/#primaryimage"},"thumbnailUrl":"https:\/\/www.goodgranel.com\/wp-content\/uploads\/2022\/01\/HIGIENE-acondionador-argan-sin-sulfatos.jpg","datePublished":"2021-01-21T11:37:28+00:00","dateModified":"2025-10-31T10:59:32+00:00","description":"Acondicionador Arg\u00e1na granel con efecto mascarilla sin sulfatos y sin siliconas. Nutre y suaviza desde la ra\u00edz, dando brillo y salud al cabello.","breadcrumb":{"@id":"https:\/\/www.goodgranel.com\/productos\/higiene-personal\/acondicionador-argan-sin-sulfatos\/#breadcrumb"},"inLanguage":"ca","potentialAction":[{"@type":"ReadAction","target":["https:\/\/www.goodgranel.com\/productos\/higiene-personal\/acondicionador-argan-sin-sulfatos\/"]}]},{"@type":"ImageObject","inLanguage":"ca","@id":"https:\/\/www.goodgranel.com\/productos\/higiene-personal\/acondicionador-argan-sin-sulfatos\/#primaryimage","url":"https:\/\/www.goodgranel.com\/wp-content\/uploads\/2022\/01\/HIGIENE-acondionador-argan-sin-sulfatos.jpg","contentUrl":"https:\/\/www.goodgranel.com\/wp-content\/uploads\/2022\/01\/HIGIENE-acondionador-argan-sin-sulfatos.jpg","width":950,"height":760,"caption":"Acondicionador Arg\u00e1n Sin Sulfatos GOODGRANEL"},{"@type":"BreadcrumbList","@id":"https:\/\/www.goodgranel.com\/productos\/higiene-personal\/acondicionador-argan-sin-sulfatos\/#breadcrumb","itemListElement":[{"@type":"ListItem","position":1,"name":"Portada","item":"https:\/\/www.goodgranel.com\/"},{"@type":"ListItem","position":2,"name":"Privado: Tienda","item":"https:\/\/www.goodgranel.com\/?page_id=3647"},{"@type":"ListItem","position":3,"name":"ACONDICIONADOR ARG\u00c1N SIN SULFATOS"}]},{"@type":"WebSite","@id":"https:\/\/www.goodgranel.com\/eng\/#website","url":"https:\/\/www.goodgranel.com\/eng\/","name":"GOODGRANEL","description":"Limpieza e higiene a granel para tiendas zero waste","publisher":{"@id":"https:\/\/www.goodgranel.com\/eng\/#organization"},"potentialAction":[{"@type":"SearchAction","target":{"@type":"EntryPoint","urlTemplate":"https:\/\/www.goodgranel.com\/eng\/?s={search_term_string}"},"query-input":{"@type":"PropertyValueSpecification","valueRequired":true,"valueName":"search_term_string"}}],"inLanguage":"ca"},{"@type":"Organization","@id":"https:\/\/www.goodgranel.com\/eng\/#organization","name":"GOODGRANEL","url":"https:\/\/www.goodgranel.com\/eng\/","logo":{"@type":"ImageObject","inLanguage":"ca","@id":"https:\/\/www.goodgranel.com\/eng\/#\/schema\/logo\/image\/","url":"https:\/\/www.goodgranel.com\/wp-content\/uploads\/2021\/04\/goodgranel-logo-mixte-mail.png","contentUrl":"https:\/\/www.goodgranel.com\/wp-content\/uploads\/2021\/04\/goodgranel-logo-mixte-mail.png","width":103,"height":120,"caption":"GOODGRANEL"},"image":{"@id":"https:\/\/www.goodgranel.com\/eng\/#\/schema\/logo\/image\/"},"sameAs":["https:\/\/www.facebook.com\/goodgranel\/","https:\/\/x.com\/goodgranel","https:\/\/www.instagram.com\/goodgranel\/"]}]}},"_links":{"self":[{"href":"https:\/\/www.goodgranel.com\/cat\/wp-json\/wp\/v2\/product\/2671","targetHints":{"allow":["GET"]}}],"collection":[{"href":"https:\/\/www.goodgranel.com\/cat\/wp-json\/wp\/v2\/product"}],"about":[{"href":"https:\/\/www.goodgranel.com\/cat\/wp-json\/wp\/v2\/types\/product"}],"wp:featuredmedia":[{"embeddable":true,"href":"https:\/\/www.goodgranel.com\/cat\/wp-json\/wp\/v2\/media\/6405"}],"wp:attachment":[{"href":"https:\/\/www.goodgranel.com\/cat\/wp-json\/wp\/v2\/media?parent=2671"}],"wp:term":[{"taxonomy":"product_brand","embeddable":true,"href":"https:\/\/www.goodgranel.com\/cat\/wp-json\/wp\/v2\/product_brand?post=2671"},{"taxonomy":"product_cat","embeddable":true,"href":"https:\/\/www.goodgranel.com\/cat\/wp-json\/wp\/v2\/product_cat?post=2671"},{"taxonomy":"product_tag","embeddable":true,"href":"https:\/\/www.goodgranel.com\/cat\/wp-json\/wp\/v2\/product_tag?post=2671"}],"curies":[{"name":"wp","href":"https:\/\/api.w.org\/{rel}","templated":true}]}}